{"id":928,"date":"2024-06-09T08:55:57","date_gmt":"2024-06-09T11:55:57","guid":{"rendered":"https:\/\/sites.projetosdeclientes.com.br\/termofiltro02\/?page_id=928"},"modified":"2025-05-05T18:12:13","modified_gmt":"2025-05-05T21:12:13","slug":"politica-de-privacidade","status":"publish","type":"page","link":"https:\/\/termofiltro.com.br\/blog\/politica-de-privacidade\/","title":{"rendered":"Pol\u00edtica de Privacidade"},"content":{"rendered":"\n<p>O conte\u00fado desta Pol\u00edtica determina como n\u00f3s processamos as informa\u00e7\u00f5es coletadas pelo site Termofiltro (este que est\u00e1 acessando) e outros sites da  (que \u00e9 a controladora de seus dados pessoais) e tamb\u00e9m explica por quais raz\u00f5es n\u00f3s precisamos coletar alguns dados pessoais sobre voc\u00ea. Portanto, voc\u00ea deve ler esta Pol\u00edtica de Privacidade antes de usar o site.<\/p>\n\n\n\n<p>N\u00f3s cuidamos dos seus dados pessoais e assumimos a responsabilidade de garantir a confidencialidade e seguran\u00e7a de suas informa\u00e7\u00f5es pessoais.<\/p>\n\n\n\n<h2 class=\"wp-block-heading\">Estas s\u00e3o as informa\u00e7\u00f5es pessoais que coletamos<\/h2>\n\n\n\n<p>Quando voc\u00ea visita o site Termofiltro, n\u00f3s podemos coletar automaticamente algumas informa\u00e7\u00f5es sobre seu dispositivo, incluindo informa\u00e7\u00f5es sobre seu navegador, endere\u00e7o IP, fuso hor\u00e1rio e alguns dos cookies instalados no seu dispositivo. Al\u00e9m disso, quando voc\u00ea navega pelo site, n\u00f3s coletamos informa\u00e7\u00f5es sobre as p\u00e1ginas individuais ou produtos que voc\u00ea visualiza, sobre quais sites ou termos de busca redirecionaram voc\u00ea para nosso site, e sobre como voc\u00ea interage com o site. N\u00f3s nos referimos a essas informa\u00e7\u00f5es coletadas automaticamente como &#8220;Informa\u00e7\u00f5es sobre o dispositivo&#8221;. Al\u00e9m disso, n\u00f3s podemos coletar alguns dados pessoais que voc\u00ea fornecer (incluindo, mas n\u00e3o limitado a: Nome, Endere\u00e7o, informa\u00e7\u00f5es de pagamento, etc) durante processos de compra, pagamento ou uso dos nossos produtos.<\/p>\n\n\n\n<h2 class=\"wp-block-heading\">Por que fazemos o processamento dos seus dados?<\/h2>\n\n\n\n<p>Nossa maior prioridade \u00e9 a seguran\u00e7a dos dados pessoais dos usu\u00e1rios e, portanto, n\u00f3s podemos processar apenas dados m\u00ednimos e apenas enquanto for absolutamente necess\u00e1rio para a manuten\u00e7\u00e3o do site. Informa\u00e7\u00f5es coletadas automaticamente s\u00e3o usadas para identificar poss\u00edveis casos de abuso e estabelecer dados estat\u00edsticos sobre o uso do site. Esses dados estat\u00edsticos n\u00e3o possuem identifica\u00e7\u00e3o de usu\u00e1rios ou indiv\u00edduos espec\u00edficos.<\/p>\n\n\n\n<p>Voc\u00ea pode visitar o site sem nos contar sobre quem voc\u00ea \u00e9 ou revelar qualquer informa\u00e7\u00e3o que possa ser usada por outra pessoa para identificar voc\u00ea individualmente. Se, apesar disso, voc\u00ea quiser utilizar algum dos recursos do site, ou quiser receber nossa newsletter, ou quiser conceder outros detalhes atrav\u00e9s do preenchimento e envio de formul\u00e1rios, voc\u00ea poder\u00e1 fornecer dados pessoais para n\u00f3s, como seu email, nome, sobrenome, cidade de resid\u00eancia, organiza\u00e7\u00e3o e n\u00famero de telefone. Voc\u00ea pode escolher n\u00e3o fornecer dados pessoais para n\u00f3s, mas, dessa forma, talvez voc\u00ea n\u00e3o consiga usar alguns dos recursos do site. Por exemplo, voc\u00ea n\u00e3o vai conseguir receber nossa Newsletter ou entrar em contato conosco diretamente pelo nosso site. Usu\u00e1rios que n\u00e3o tenham certeza sobre quais informa\u00e7\u00f5es pessoais s\u00e3o obrigat\u00f3rias s\u00e3o convidados a entrarem em contato conosco pelo e-mail contato@termofiltro.com.br<\/p>\n\n\n\n<h2 class=\"wp-block-heading\">Seus direitos<\/h2>\n\n\n\n<p>Estes s\u00e3o os direitos garantidos quanto aos seus dados pessoais:<\/p>\n\n\n\n<p>&#8211; O direito de ser informado.<\/p>\n\n\n\n<p>&#8211; O direito ao acesso.<\/p>\n\n\n\n<p>&#8211; O direito \u00e0 retifica\u00e7\u00e3o.<\/p>\n\n\n\n<p>&#8211; O direito de deletar.<\/p>\n\n\n\n<p>&#8211; O direito de restringir o processamento.<\/p>\n\n\n\n<p>&#8211; O direito da portabilidade de dados.<\/p>\n\n\n\n<p>&#8211; O direito \u00e0 obje\u00e7\u00e3o.<\/p>\n\n\n\n<p>&#8211; Direitos em rela\u00e7\u00e3o a tomadas de decis\u00e3o autom\u00e1ticas e \u00e0 perfilagem.<\/p>\n\n\n\n<p>Se voc\u00ea quiser exercer esses direitos, por favor entre em contato conosco usando os dados de contato abaixo.<\/p>\n\n\n\n<p>Adicionalmente, se voc\u00ea mora na Europa, n\u00f3s afirmamos que estamos processando suas informa\u00e7\u00f5es com a finalidade de cumprir contratos que possamos ter firmado com voc\u00ea (por exemplo, se voc\u00ea fizer uma compra no nosso site), ou para exercer os interesses leg\u00edtimos da nossa empresa listados acima. Al\u00e9m disso, por favor saiba que suas informa\u00e7\u00f5es podem ser transferidas para fora da Europa, incluindo para o Brasil.<\/p>\n\n\n\n<h2 class=\"wp-block-heading\">Links para outros sites<\/h2>\n\n\n\n<p>Nosso site pode conter links para outros sites que n\u00e3o s\u00e3o controlados por n\u00f3s e\/ou n\u00e3o s\u00e3o de nossa propriedade. Por favor, esteja ciente de que n\u00f3s n\u00e3o somos respons\u00e1veis pelas pol\u00edticas de privacidade de tais sites e organiza\u00e7\u00f5es parceiras. N\u00f3s incentivamos voc\u00ea a estar ciente de quando sair do nosso site, e tamb\u00e9m incentivamos voc\u00ea a ler a pol\u00edtica de privacidade de cada um dos sites que podem coletar suas informa\u00e7\u00f5es pessoais.<\/p>\n\n\n\n<h2 class=\"wp-block-heading\">Seguran\u00e7a das informa\u00e7\u00f5es<\/h2>\n\n\n\n<p>N\u00f3s garantimos que as informa\u00e7\u00f5es que voc\u00ea fornece est\u00e3o em servidores e computadores armazenados em ambientes seguros e controlados, protegidos de acessos, usos e divulga\u00e7\u00f5es n\u00e3o-autorizadas. N\u00f3s mantemos medidas de seguran\u00e7a administrativas, t\u00e9cnicas e f\u00edsicas razo\u00e1veis, com finalidade de proteger os dados pessoais sob nossa cust\u00f3dia de acessos, usos, modifica\u00e7\u00f5es e divulga\u00e7\u00f5es n\u00e3o-autorizadas. Apesar disso, nenhuma transmiss\u00e3o de dados pela Internet ou por sistemas sem fio pode ser garantida.<\/p>\n\n\n\n<h2 class=\"wp-block-heading\">Pol\u00edtica de Cookies<\/h2>\n\n\n\n<p>Utilizamos cookies para melhorar a experi\u00eancia do usu\u00e1rio em nosso site, entender como o site \u00e9 utilizado e personalizar conte\u00fados e an\u00fancios. Os cookies nos ajudam a lembrar suas prefer\u00eancias e visitas anteriores.<\/p>\n\n\n\n<h2 class=\"wp-block-heading\">Tipos de Cookies que utilizamos<\/h2>\n\n\n\n<ul class=\"wp-block-list\">\n<li><strong>Cookies Essenciais<\/strong>: Necess\u00e1rios para o funcionamento do site. Sem eles, partes do site n\u00e3o funcionariam corretamente.<\/li>\n\n\n\n<li><strong>Cookies de Desempenho<\/strong>: Coletam informa\u00e7\u00f5es sobre como os visitantes usam o site, permitindo-nos melhorar a funcionalidade. N\u00e3o identificam o usu\u00e1rio individualmente.<\/li>\n\n\n\n<li><strong>Cookies Funcionais<\/strong>: Permitem que o site se lembre de escolhas que voc\u00ea faz (como seu nome de usu\u00e1rio, idioma ou regi\u00e3o) para oferecer uma experi\u00eancia mais personalizada.<\/li>\n\n\n\n<li><strong>Cookies de Publicidade<\/strong>: Usados para entregar an\u00fancios mais relevantes para voc\u00ea e seus interesses. Tamb\u00e9m limitam o n\u00famero de vezes que voc\u00ea v\u00ea um an\u00fancio e ajudam a medir a efic\u00e1cia das campanhas publicit\u00e1rias.<\/li>\n<\/ul>\n\n\n\n<h2 class=\"wp-block-heading\">Como Gerenciar Cookies<\/h2>\n\n\n\n<p>Voc\u00ea pode controlar e\/ou excluir cookies conforme desejar atrav\u00e9s do seu navegador. Voc\u00ea pode excluir todos os cookies que j\u00e1 est\u00e3o no seu computador e configurar a maioria dos navegadores para impedir que eles sejam aceitos. No entanto, se voc\u00ea fizer isso, talvez tenha que ajustar manualmente algumas prefer\u00eancias toda vez que visitar um site, e alguns servi\u00e7os e funcionalidades podem n\u00e3o funcionar.<\/p>\n\n\n\n<h2 class=\"wp-block-heading\">Altera\u00e7\u00f5es nesta Pol\u00edtica de Cookies<\/h2>\n\n\n\n<p>Podemos atualizar nossa Pol\u00edtica de Cookies de tempos em tempos. Quaisquer altera\u00e7\u00f5es ser\u00e3o publicadas nesta p\u00e1gina. Recomendamos que voc\u00ea revise esta pol\u00edtica regularmente para se manter informado sobre nosso uso de cookies.<\/p>\n\n\n\n<h2 class=\"wp-block-heading\">Cookies de Terceiros<\/h2>\n\n\n\n<p>Em algumas p\u00e1ginas do nosso site, podemos usar cookies de terceiros, que s\u00e3o definidos por um dom\u00ednio diferente do nosso. Isso ocorre, por exemplo, com servi\u00e7os de an\u00e1lise ou publicidade. Links importantes sobre essas politicas podem ser adicionados aqui, caso seja necess\u00e1rio.<\/p>\n\n\n\n<h2 class=\"wp-block-heading\">Declara\u00e7\u00e3o legal<\/h2>\n\n\n\n<p>N\u00f3s vamos divulgar qualquer informa\u00e7\u00e3o que coletarmos, usarmos ou recebermos caso tal divulga\u00e7\u00e3o seja solicitada ou permitida por lei, de forma a cumprir intima\u00e7\u00f5es ou processos judiciais similares, e tamb\u00e9m quando considerarmos em boa f\u00e9 que a divulga\u00e7\u00e3o \u00e9 necess\u00e1ria para a prote\u00e7\u00e3o de nossos direitos, para a prote\u00e7\u00e3o da seguran\u00e7a de outros, para investiga\u00e7\u00f5es de fraude ou para responder a uma solicita\u00e7\u00e3o do governo.<\/p>\n\n\n\n<h2 class=\"wp-block-heading\">Informa\u00e7\u00f5es de contato<\/h2>\n\n\n\n<p>Se voc\u00ea quiser entrar em contato conosco para saber mais sobre esta Pol\u00edtica de Privacidade, ou quiser acessar quaisquer informa\u00e7\u00f5es relativas aos seus direitos individuais e \u00e0s suas Informa\u00e7\u00f5es Pessoais, voc\u00ea poder\u00e1 enviar um e-mail para o endere\u00e7o contato@termofiltro.com.br<\/p>\n\n\n\n<p>Esta Pol\u00edtica \u00e9 efetiva a partir de 2025-05-05 18:12:13.<\/p>\n","protected":false},"excerpt":{"rendered":"<p>O conte\u00fado desta Pol\u00edtica determina como n\u00f3s processamos as informa\u00e7\u00f5es coletadas pelo site (este que est\u00e1 acessando) e outros sites da (que \u00e9 a controladora de seus dados pessoais) e tamb\u00e9m explica por quais raz\u00f5es n\u00f3s precisamos coletar alguns dados pessoais sobre voc\u00ea. Portanto, voc\u00ea deve ler esta Pol\u00edtica de Privacidade antes de usar o [&hellip;]<\/p>\n","protected":false},"author":3,"featured_media":1357,"parent":0,"menu_order":0,"comment_status":"closed","ping_status":"closed","template":"","meta":{"footnotes":""},"class_list":["post-928","page","type-page","status-publish","has-post-thumbnail","hentry"],"yoast_head":"<!-- This site is optimized with the Yoast SEO plugin v27.1.1 - https:\/\/yoast.com\/product\/yoast-seo-wordpress\/ -->\n<title>Pol\u00edtica de Privacidade - Termofiltro<\/title>\n<meta name=\"description\" content=\"Transforme a filtragem de \u00f3leo em um servi\u00e7o altamente lucrativo!\u200b\" \/>\n<meta name=\"robots\" content=\"index, follow, max-snippet:-1, max-image-preview:large, max-video-preview:-1\" \/>\n<link rel=\"canonical\" href=\"https:\/\/termofiltro.com.br\/blog\/politica-de-privacidade\/\" \/>\n<meta property=\"og:locale\" content=\"pt_BR\" \/>\n<meta property=\"og:type\" content=\"article\" \/>\n<meta property=\"og:title\" content=\"Pol\u00edtica de Privacidade - Termofiltro\" \/>\n<meta property=\"og:description\" content=\"Transforme a filtragem de \u00f3leo em um servi\u00e7o altamente lucrativo!\u200b\" \/>\n<meta property=\"og:url\" content=\"https:\/\/termofiltro.com.br\/blog\/politica-de-privacidade\/\" \/>\n<meta property=\"og:site_name\" content=\"Termofiltro\" \/>\n<meta property=\"article:modified_time\" content=\"2025-05-05T21:12:13+00:00\" \/>\n<meta property=\"og:image\" content=\"https:\/\/termofiltro.com.br\/blog\/wp-content\/uploads\/2025\/05\/capa-1-termofiltro-transforme-a-filtragem-de-oleo-em-um-servico-altamente-lucrativo.webp\" \/>\n\t<meta property=\"og:image:width\" content=\"1200\" \/>\n\t<meta property=\"og:image:height\" content=\"675\" \/>\n\t<meta property=\"og:image:type\" content=\"image\/webp\" \/>\n<meta name=\"twitter:card\" content=\"summary_large_image\" \/>\n<meta name=\"twitter:label1\" content=\"Est. tempo de leitura\" \/>\n\t<meta name=\"twitter:data1\" content=\"7 minutos\" \/>\n<script type=\"application\/ld+json\" class=\"yoast-schema-graph\">{\"@context\":\"https:\/\/schema.org\",\"@graph\":[{\"@type\":\"WebPage\",\"@id\":\"https:\/\/termofiltro.com.br\/blog\/politica-de-privacidade\/\",\"url\":\"https:\/\/termofiltro.com.br\/blog\/politica-de-privacidade\/\",\"name\":\"Pol\u00edtica de Privacidade - Termofiltro\",\"isPartOf\":{\"@id\":\"https:\/\/termofiltro.com.br\/blog\/#website\"},\"primaryImageOfPage\":{\"@id\":\"https:\/\/termofiltro.com.br\/blog\/politica-de-privacidade\/#primaryimage\"},\"image\":{\"@id\":\"https:\/\/termofiltro.com.br\/blog\/politica-de-privacidade\/#primaryimage\"},\"thumbnailUrl\":\"https:\/\/termofiltro.com.br\/blog\/wp-content\/uploads\/2025\/05\/capa-1-termofiltro-transforme-a-filtragem-de-oleo-em-um-servico-altamente-lucrativo.webp\",\"datePublished\":\"2024-06-09T11:55:57+00:00\",\"dateModified\":\"2025-05-05T21:12:13+00:00\",\"description\":\"Transforme a filtragem de \u00f3leo em um servi\u00e7o altamente lucrativo!\u200b\",\"breadcrumb\":{\"@id\":\"https:\/\/termofiltro.com.br\/blog\/politica-de-privacidade\/#breadcrumb\"},\"inLanguage\":\"pt-BR\",\"potentialAction\":[{\"@type\":\"ReadAction\",\"target\":[\"https:\/\/termofiltro.com.br\/blog\/politica-de-privacidade\/\"]}]},{\"@type\":\"ImageObject\",\"inLanguage\":\"pt-BR\",\"@id\":\"https:\/\/termofiltro.com.br\/blog\/politica-de-privacidade\/#primaryimage\",\"url\":\"https:\/\/termofiltro.com.br\/blog\/wp-content\/uploads\/2025\/05\/capa-1-termofiltro-transforme-a-filtragem-de-oleo-em-um-servico-altamente-lucrativo.webp\",\"contentUrl\":\"https:\/\/termofiltro.com.br\/blog\/wp-content\/uploads\/2025\/05\/capa-1-termofiltro-transforme-a-filtragem-de-oleo-em-um-servico-altamente-lucrativo.webp\",\"width\":1200,\"height\":675,\"caption\":\"Capa (1) - Termofiltro - Transforme a filtragem de \u00f3leo em um servi\u00e7o altamente lucrativo!\u200b\"},{\"@type\":\"BreadcrumbList\",\"@id\":\"https:\/\/termofiltro.com.br\/blog\/politica-de-privacidade\/#breadcrumb\",\"itemListElement\":[{\"@type\":\"ListItem\",\"position\":1,\"name\":\"In\u00edcio\",\"item\":\"https:\/\/termofiltro.com.br\/blog\/\"},{\"@type\":\"ListItem\",\"position\":2,\"name\":\"Pol\u00edtica de Privacidade\"}]},{\"@type\":\"WebSite\",\"@id\":\"https:\/\/termofiltro.com.br\/blog\/#website\",\"url\":\"https:\/\/termofiltro.com.br\/blog\/\",\"name\":\"Termofiltro\",\"description\":\"Transforme a filtragem de \u00f3leo em um servi\u00e7o altamente lucrativo!\u200b\",\"publisher\":{\"@id\":\"https:\/\/termofiltro.com.br\/blog\/#organization\"},\"alternateName\":\"Termofiltro\",\"potentialAction\":[{\"@type\":\"SearchAction\",\"target\":{\"@type\":\"EntryPoint\",\"urlTemplate\":\"https:\/\/termofiltro.com.br\/blog\/?s={search_term_string}\"},\"query-input\":{\"@type\":\"PropertyValueSpecification\",\"valueRequired\":true,\"valueName\":\"search_term_string\"}}],\"inLanguage\":\"pt-BR\"},{\"@type\":\"Organization\",\"@id\":\"https:\/\/termofiltro.com.br\/blog\/#organization\",\"name\":\"Termofiltro\",\"alternateName\":\"Termofiltro\",\"url\":\"https:\/\/termofiltro.com.br\/blog\/\",\"logo\":{\"@type\":\"ImageObject\",\"inLanguage\":\"pt-BR\",\"@id\":\"https:\/\/termofiltro.com.br\/blog\/#\/schema\/logo\/image\/\",\"url\":\"https:\/\/termofiltro.com.br\/blog\/wp-content\/uploads\/2025\/05\/capa-1-termofiltro-transforme-a-filtragem-de-oleo-em-um-servico-altamente-lucrativo.webp\",\"contentUrl\":\"https:\/\/termofiltro.com.br\/blog\/wp-content\/uploads\/2025\/05\/capa-1-termofiltro-transforme-a-filtragem-de-oleo-em-um-servico-altamente-lucrativo.webp\",\"width\":1200,\"height\":675,\"caption\":\"Termofiltro\"},\"image\":{\"@id\":\"https:\/\/termofiltro.com.br\/blog\/#\/schema\/logo\/image\/\"}}]}<\/script>\n<!-- \/ Yoast SEO plugin. -->","yoast_head_json":{"title":"Pol\u00edtica de Privacidade - Termofiltro","description":"Transforme a filtragem de \u00f3leo em um servi\u00e7o altamente lucrativo!\u200b","robots":{"index":"index","follow":"follow","max-snippet":"max-snippet:-1","max-image-preview":"max-image-preview:large","max-video-preview":"max-video-preview:-1"},"canonical":"https:\/\/termofiltro.com.br\/blog\/politica-de-privacidade\/","og_locale":"pt_BR","og_type":"article","og_title":"Pol\u00edtica de Privacidade - Termofiltro","og_description":"Transforme a filtragem de \u00f3leo em um servi\u00e7o altamente lucrativo!\u200b","og_url":"https:\/\/termofiltro.com.br\/blog\/politica-de-privacidade\/","og_site_name":"Termofiltro","article_modified_time":"2025-05-05T21:12:13+00:00","og_image":[{"width":1200,"height":675,"url":"https:\/\/termofiltro.com.br\/blog\/wp-content\/uploads\/2025\/05\/capa-1-termofiltro-transforme-a-filtragem-de-oleo-em-um-servico-altamente-lucrativo.webp","type":"image\/webp"}],"twitter_card":"summary_large_image","twitter_misc":{"Est. tempo de leitura":"7 minutos"},"schema":{"@context":"https:\/\/schema.org","@graph":[{"@type":"WebPage","@id":"https:\/\/termofiltro.com.br\/blog\/politica-de-privacidade\/","url":"https:\/\/termofiltro.com.br\/blog\/politica-de-privacidade\/","name":"Pol\u00edtica de Privacidade - Termofiltro","isPartOf":{"@id":"https:\/\/termofiltro.com.br\/blog\/#website"},"primaryImageOfPage":{"@id":"https:\/\/termofiltro.com.br\/blog\/politica-de-privacidade\/#primaryimage"},"image":{"@id":"https:\/\/termofiltro.com.br\/blog\/politica-de-privacidade\/#primaryimage"},"thumbnailUrl":"https:\/\/termofiltro.com.br\/blog\/wp-content\/uploads\/2025\/05\/capa-1-termofiltro-transforme-a-filtragem-de-oleo-em-um-servico-altamente-lucrativo.webp","datePublished":"2024-06-09T11:55:57+00:00","dateModified":"2025-05-05T21:12:13+00:00","description":"Transforme a filtragem de \u00f3leo em um servi\u00e7o altamente lucrativo!\u200b","breadcrumb":{"@id":"https:\/\/termofiltro.com.br\/blog\/politica-de-privacidade\/#breadcrumb"},"inLanguage":"pt-BR","potentialAction":[{"@type":"ReadAction","target":["https:\/\/termofiltro.com.br\/blog\/politica-de-privacidade\/"]}]},{"@type":"ImageObject","inLanguage":"pt-BR","@id":"https:\/\/termofiltro.com.br\/blog\/politica-de-privacidade\/#primaryimage","url":"https:\/\/termofiltro.com.br\/blog\/wp-content\/uploads\/2025\/05\/capa-1-termofiltro-transforme-a-filtragem-de-oleo-em-um-servico-altamente-lucrativo.webp","contentUrl":"https:\/\/termofiltro.com.br\/blog\/wp-content\/uploads\/2025\/05\/capa-1-termofiltro-transforme-a-filtragem-de-oleo-em-um-servico-altamente-lucrativo.webp","width":1200,"height":675,"caption":"Capa (1) - Termofiltro - Transforme a filtragem de \u00f3leo em um servi\u00e7o altamente lucrativo!\u200b"},{"@type":"BreadcrumbList","@id":"https:\/\/termofiltro.com.br\/blog\/politica-de-privacidade\/#breadcrumb","itemListElement":[{"@type":"ListItem","position":1,"name":"In\u00edcio","item":"https:\/\/termofiltro.com.br\/blog\/"},{"@type":"ListItem","position":2,"name":"Pol\u00edtica de Privacidade"}]},{"@type":"WebSite","@id":"https:\/\/termofiltro.com.br\/blog\/#website","url":"https:\/\/termofiltro.com.br\/blog\/","name":"Termofiltro","description":"Transforme a filtragem de \u00f3leo em um servi\u00e7o altamente lucrativo!\u200b","publisher":{"@id":"https:\/\/termofiltro.com.br\/blog\/#organization"},"alternateName":"Termofiltro","potentialAction":[{"@type":"SearchAction","target":{"@type":"EntryPoint","urlTemplate":"https:\/\/termofiltro.com.br\/blog\/?s={search_term_string}"},"query-input":{"@type":"PropertyValueSpecification","valueRequired":true,"valueName":"search_term_string"}}],"inLanguage":"pt-BR"},{"@type":"Organization","@id":"https:\/\/termofiltro.com.br\/blog\/#organization","name":"Termofiltro","alternateName":"Termofiltro","url":"https:\/\/termofiltro.com.br\/blog\/","logo":{"@type":"ImageObject","inLanguage":"pt-BR","@id":"https:\/\/termofiltro.com.br\/blog\/#\/schema\/logo\/image\/","url":"https:\/\/termofiltro.com.br\/blog\/wp-content\/uploads\/2025\/05\/capa-1-termofiltro-transforme-a-filtragem-de-oleo-em-um-servico-altamente-lucrativo.webp","contentUrl":"https:\/\/termofiltro.com.br\/blog\/wp-content\/uploads\/2025\/05\/capa-1-termofiltro-transforme-a-filtragem-de-oleo-em-um-servico-altamente-lucrativo.webp","width":1200,"height":675,"caption":"Termofiltro"},"image":{"@id":"https:\/\/termofiltro.com.br\/blog\/#\/schema\/logo\/image\/"}}]}},"_links":{"self":[{"href":"https:\/\/termofiltro.com.br\/blog\/wp-json\/wp\/v2\/pages\/928","targetHints":{"allow":["GET"]}}],"collection":[{"href":"https:\/\/termofiltro.com.br\/blog\/wp-json\/wp\/v2\/pages"}],"about":[{"href":"https:\/\/termofiltro.com.br\/blog\/wp-json\/wp\/v2\/types\/page"}],"author":[{"embeddable":true,"href":"https:\/\/termofiltro.com.br\/blog\/wp-json\/wp\/v2\/users\/3"}],"replies":[{"embeddable":true,"href":"https:\/\/termofiltro.com.br\/blog\/wp-json\/wp\/v2\/comments?post=928"}],"version-history":[{"count":11,"href":"https:\/\/termofiltro.com.br\/blog\/wp-json\/wp\/v2\/pages\/928\/revisions"}],"predecessor-version":[{"id":1040,"href":"https:\/\/termofiltro.com.br\/blog\/wp-json\/wp\/v2\/pages\/928\/revisions\/1040"}],"wp:featuredmedia":[{"embeddable":true,"href":"https:\/\/termofiltro.com.br\/blog\/wp-json\/wp\/v2\/media\/1357"}],"wp:attachment":[{"href":"https:\/\/termofiltro.com.br\/blog\/wp-json\/wp\/v2\/media?parent=928"}],"curies":[{"name":"wp","href":"https:\/\/api.w.org\/{rel}","templated":true}]}}